{"id":3275,"date":"2023-11-10T12:25:38","date_gmt":"2023-11-10T11:25:38","guid":{"rendered":"https:\/\/dev.putbus.de\/stadt-putbus\/?page_id=3275"},"modified":"2025-08-27T15:19:33","modified_gmt":"2025-08-27T13:19:33","slug":"bauleitplanung","status":"publish","type":"page","link":"https:\/\/dev.putbus.de\/stadt-putbus\/bauleitplanung\/","title":{"rendered":"Bauleitplanung"},"content":{"rendered":"\n<div class=\"wp-block-cover alignfull is-light has-border-color has-white-border-color\" style=\"border-width:1.5vw;min-height:50vh;aspect-ratio:unset;\"><span aria-hidden=\"true\" class=\"wp-block-cover__background has-background-dim-0 has-background-dim\" style=\"background-color:#cbbbba\"><\/span><img loading=\"lazy\" decoding=\"async\" width=\"2000\" height=\"1333\" src=\"https:\/\/dev.putbus.de\/stadt-putbus\/wp-content\/uploads\/sites\/3\/2025\/08\/Bild-10-1.jpg\" class=\"wp-block-cover__image-background wp-post-image\" alt=\"\" data-object-fit=\"cover\" srcset=\"https:\/\/dev.putbus.de\/stadt-putbus\/wp-content\/uploads\/sites\/3\/2025\/08\/Bild-10-1.jpg 2000w, https:\/\/dev.putbus.de\/stadt-putbus\/wp-content\/uploads\/sites\/3\/2025\/08\/Bild-10-1-300x200.jpg 300w, https:\/\/dev.putbus.de\/stadt-putbus\/wp-content\/uploads\/sites\/3\/2025\/08\/Bild-10-1-1024x682.jpg 1024w, https:\/\/dev.putbus.de\/stadt-putbus\/wp-content\/uploads\/sites\/3\/2025\/08\/Bild-10-1-768x512.jpg 768w, https:\/\/dev.putbus.de\/stadt-putbus\/wp-content\/uploads\/sites\/3\/2025\/08\/Bild-10-1-1536x1024.jpg 1536w\" sizes=\"auto, (max-width: 2000px) 100vw, 2000px\" \/><div class=\"wp-block-cover__inner-container is-layout-constrained wp-block-cover-is-layout-constrained\">\n<p class=\"has-text-align-center has-large-font-size\"><\/p>\n<\/div><\/div>\n\n\n\n<div class=\"wp-block-cover alignfull is-light\" style=\"border-top-style:none;border-top-width:0vw;border-right-color:var(--wp--preset--color--white);border-right-width:1.5vw;border-bottom-color:var(--wp--preset--color--white);border-left-color:var(--wp--preset--color--white);border-left-width:1.5vw;margin-top:0;margin-bottom:0;padding-top:0;padding-right:0;padding-bottom:0;padding-left:0;min-height:240px;aspect-ratio:unset;\"><img loading=\"lazy\" decoding=\"async\" width=\"1024\" height=\"225\" class=\"wp-block-cover__image-background wp-image-4160 size-large\" alt=\"\" src=\"https:\/\/dev.putbus.de\/stadt-putbus\/wp-content\/uploads\/sites\/3\/2025\/08\/bg_tabs-1-1024x225.png\" data-object-fit=\"cover\" srcset=\"https:\/\/dev.putbus.de\/stadt-putbus\/wp-content\/uploads\/sites\/3\/2025\/08\/bg_tabs-1-1024x225.png 1024w, https:\/\/dev.putbus.de\/stadt-putbus\/wp-content\/uploads\/sites\/3\/2025\/08\/bg_tabs-1-300x66.png 300w, https:\/\/dev.putbus.de\/stadt-putbus\/wp-content\/uploads\/sites\/3\/2025\/08\/bg_tabs-1-768x169.png 768w, https:\/\/dev.putbus.de\/stadt-putbus\/wp-content\/uploads\/sites\/3\/2025\/08\/bg_tabs-1-1536x338.png 1536w, https:\/\/dev.putbus.de\/stadt-putbus\/wp-content\/uploads\/sites\/3\/2025\/08\/bg_tabs-1.png 1920w\" sizes=\"auto, (max-width: 1024px) 100vw, 1024px\" \/><span aria-hidden=\"true\" class=\"wp-block-cover__background has-background-dim\" style=\"background-color:#fcfbf9\"><\/span><div class=\"wp-block-cover__inner-container is-layout-constrained wp-container-core-cover-is-layout-72190d31 wp-block-cover-is-layout-constrained\">\n<div class=\"wp-block-group alignwide is-layout-constrained wp-block-group-is-layout-constrained\">\n<div class=\"wp-block-group alignfull is-nowrap is-layout-flex wp-container-core-group-is-layout-b6b71352 wp-block-group-is-layout-flex\" style=\"padding-right:0;padding-left:0\">\n<h4 class=\"wp-block-heading has-primary-color has-text-color has-link-color has-jost-font-family has-small-font-size wp-elements-5f8a268135d6922a57540e0135d18170\" style=\"font-style:normal;font-weight:400\"><a href=\"\/\">Startseite<\/a><\/h4>\n\n\n\n<h4 class=\"wp-block-heading has-primary-color has-text-color has-link-color has-jost-font-family has-small-font-size wp-elements-e748835a7f3ffb267ad89f2a493c0e46\" style=\"font-style:normal;font-weight:400\"><a href=\"\/stadt-putbus\">Stadt Putbus<\/a><\/h4>\n\n\n<h4 style=\"font-style:normal;font-weight:400;\" class=\"has-link-color wp-elements-62edc01cb5249a80f4ffb694134daceb wp-block-post-title has-text-color has-primary-color has-small-font-size has-jost-font-family\">Bauleitplanung<\/h4><\/div>\n\n\n<h1 class=\"has-link-color alignfull wp-elements-5e46b7bf8e297d309f64b1b87a4f9e16 wp-block-post-title has-text-color has-primary-color has-large-font-size has-vollkorn-font-family\">Bauleitplanung<\/h1><\/div>\n<\/div><\/div>\n\n\n\n<div class=\"wp-block-columns alignwide is-layout-flex wp-container-core-columns-is-layout-dbfacf25 wp-block-columns-is-layout-flex\" style=\"margin-top:var(--wp--preset--spacing--40);margin-bottom:var(--wp--preset--spacing--40)\">\n<div class=\"wp-block-column is-layout-flow wp-container-core-column-is-layout-f5bb311e wp-block-column-is-layout-flow\">\n<div class=\"wp-block-group is-vertical is-layout-flex wp-container-core-group-is-layout-fe9cc265 wp-block-group-is-layout-flex\">\n<h3 class=\"wp-block-heading has-black-color has-text-color\"><strong>Aktuelle Bekanntmachungen und Beteiligungsverfahren von Bauleitplanungen nach BauGB<\/strong><\/h3>\n\n\n\n<p>Die Einsichtnahme in die baurechtlichen Satzungen und die Dokumente zu aktuellen Beteiligungsverfahren k\u00f6nnen \u00fcber nachfolgende Links erfolgen.<br>Eine Auskunft und Einsichtnahme in aktuelle Satzungen ist dar\u00fcberhinaus \u00fcber das Bauamt, Markt 8, Zimmer 11 m\u00f6glich.<\/p>\n<\/div>\n\n\n\n<div class=\"wp-block-query is-layout-flow wp-block-query-is-layout-flow\"><ul class=\"wp-block-post-template is-layout-flow wp-block-post-template-is-layout-flow\"><li class=\"wp-block-post post-3276 downloads type-downloads status-publish hentry verlinkung-bau-und-planungsportal\">\n\n<div class=\"wp-block-group has-light-background-color has-background is-content-justification-space-between is-nowrap is-layout-flex wp-container-core-group-is-layout-1177a078 wp-block-group-is-layout-flex\" style=\"padding-top:var(--wp--preset--spacing--20);padding-right:var(--wp--preset--spacing--20);padding-bottom:var(--wp--preset--spacing--20);padding-left:var(--wp--preset--spacing--20)\"><a href=\"https:\/\/dev.putbus.de\/stadt-putbus\/wp-content\/uploads\/sites\/3\/2025\/09\/Erschliessungsbeitragssatzung.pdf\" target=\"_blank\" rel=\"noopener\">Bau- und Planungsportal M-V<\/a>\n\n\n<p>&gt;<\/p>\n<\/div>\n\n<\/li><\/ul><\/div>\n\n\n\n<div class=\"wp-block-query is-layout-flow wp-block-query-is-layout-flow\"><ul class=\"wp-block-post-template is-layout-flow wp-block-post-template-is-layout-flow\"><li class=\"wp-block-post post-1444 downloads type-downloads status-publish hentry verlinkung-bauleitplanung\">\n\n<div class=\"wp-block-group has-light-background-color has-background is-content-justification-space-between is-nowrap is-layout-flex wp-container-core-group-is-layout-1177a078 wp-block-group-is-layout-flex\" style=\"padding-top:var(--wp--preset--spacing--20);padding-right:var(--wp--preset--spacing--20);padding-bottom:var(--wp--preset--spacing--20);padding-left:var(--wp--preset--spacing--20)\"><a href=\"https:\/\/dev.putbus.de\/stadt-putbus\/wp-content\/uploads\/sites\/3\/2025\/09\/Erschliessungsbeitragssatzung.pdf\" target=\"_blank\" rel=\"noopener\">Fl\u00e4chennutzungsplan Kasnevitz<\/a>\n\n\n<p>&gt;<\/p>\n<\/div>\n\n<\/li><li class=\"wp-block-post post-1443 downloads type-downloads status-publish hentry verlinkung-bauleitplanung\">\n\n<div class=\"wp-block-group has-light-background-color has-background is-content-justification-space-between is-nowrap is-layout-flex wp-container-core-group-is-layout-1177a078 wp-block-group-is-layout-flex\" style=\"padding-top:var(--wp--preset--spacing--20);padding-right:var(--wp--preset--spacing--20);padding-bottom:var(--wp--preset--spacing--20);padding-left:var(--wp--preset--spacing--20)\"><a href=\"https:\/\/dev.putbus.de\/stadt-putbus\/wp-content\/uploads\/sites\/3\/2025\/09\/fplan_putbus-1.pdf\" target=\"_blank\" rel=\"noopener\">Fl\u00e4chennutzungsplan Putbus<\/a>\n\n\n<p>&gt;<\/p>\n<\/div>\n\n<\/li><li class=\"wp-block-post post-1442 downloads type-downloads status-publish hentry verlinkung-bauleitplanung\">\n\n<div class=\"wp-block-group has-light-background-color has-background is-content-justification-space-between is-nowrap is-layout-flex wp-container-core-group-is-layout-1177a078 wp-block-group-is-layout-flex\" style=\"padding-top:var(--wp--preset--spacing--20);padding-right:var(--wp--preset--spacing--20);padding-bottom:var(--wp--preset--spacing--20);padding-left:var(--wp--preset--spacing--20)\"><a href=\"https:\/\/dev.putbus.de\/stadt-putbus\/wp-content\/uploads\/sites\/3\/2025\/09\/Erschliessungsbeitragssatzung.pdf\" target=\"_blank\" rel=\"noopener\">Geoinformationsdienste<\/a>\n\n\n<p>&gt;<\/p>\n<\/div>\n\n<\/li><\/ul><\/div>\n\n\n\n<div class=\"wp-block-group is-vertical is-layout-flex wp-container-core-group-is-layout-fe9cc265 wp-block-group-is-layout-flex\">\n<h3 class=\"wp-block-heading\">Aktuelle Beteiligungsverfahren<\/h3>\n<\/div>\n<\/div>\n<\/div>\n","protected":false},"excerpt":{"rendered":"<p>Aktuelle Bekanntmachungen und Beteiligungsverfahren von Bauleitplanungen nach BauGB Die Einsichtnahme in die baurechtlichen Satzungen und die Dokumente zu aktuellen Beteiligungsverfahren k\u00f6nnen \u00fcber nachfolgende Links erfolgen.Eine Auskunft und Einsichtnahme in aktuelle Satzungen ist dar\u00fcberhinaus \u00fcber das Bauamt, Markt 8, Zimmer 11 m\u00f6glich. Aktuelle Beteiligungsverfahren<\/p>\n","protected":false},"author":2,"featured_media":4329,"parent":0,"menu_order":15,"comment_status":"closed","ping_status":"closed","template":"","meta":{"footnotes":""},"seite_kategorie":[150],"class_list":["post-3275","page","type-page","status-publish","has-post-thumbnail","hentry","seite_kategorie-startseite"],"_links":{"self":[{"href":"https:\/\/dev.putbus.de\/stadt-putbus\/wp-json\/wp\/v2\/pages\/3275","targetHints":{"allow":["GET"]}}],"collection":[{"href":"https:\/\/dev.putbus.de\/stadt-putbus\/wp-json\/wp\/v2\/pages"}],"about":[{"href":"https:\/\/dev.putbus.de\/stadt-putbus\/wp-json\/wp\/v2\/types\/page"}],"author":[{"embeddable":true,"href":"https:\/\/dev.putbus.de\/stadt-putbus\/wp-json\/wp\/v2\/users\/2"}],"replies":[{"embeddable":true,"href":"https:\/\/dev.putbus.de\/stadt-putbus\/wp-json\/wp\/v2\/comments?post=3275"}],"version-history":[{"count":27,"href":"https:\/\/dev.putbus.de\/stadt-putbus\/wp-json\/wp\/v2\/pages\/3275\/revisions"}],"predecessor-version":[{"id":4736,"href":"https:\/\/dev.putbus.de\/stadt-putbus\/wp-json\/wp\/v2\/pages\/3275\/revisions\/4736"}],"wp:featuredmedia":[{"embeddable":true,"href":"https:\/\/dev.putbus.de\/stadt-putbus\/wp-json\/wp\/v2\/media\/4329"}],"wp:attachment":[{"href":"https:\/\/dev.putbus.de\/stadt-putbus\/wp-json\/wp\/v2\/media?parent=3275"}],"wp:term":[{"taxonomy":"seite_kategorie","embeddable":true,"href":"https:\/\/dev.putbus.de\/stadt-putbus\/wp-json\/wp\/v2\/seite_kategorie?post=3275"}],"curies":[{"name":"wp","href":"https:\/\/api.w.org\/{rel}","templated":true}]}}