{"id":1166,"date":"2022-09-25T14:24:41","date_gmt":"2022-09-25T12:24:41","guid":{"rendered":"http:\/\/putbus.uwe-horn.net\/gemeinde\/?page_id=1166"},"modified":"2025-08-27T12:38:38","modified_gmt":"2025-08-27T10:38:38","slug":"putbuser-nachrichten","status":"publish","type":"page","link":"https:\/\/dev.putbus.de\/stadt-putbus\/bekanntmachungen\/putbuser-nachrichten\/","title":{"rendered":"Nachrichten"},"content":{"rendered":"\n<div class=\"wp-block-cover alignfull is-light has-border-color has-white-border-color\" style=\"border-width:1.5vw;min-height:50vh;aspect-ratio:unset;\"><span aria-hidden=\"true\" class=\"wp-block-cover__background has-background-dim-0 has-background-dim\" style=\"background-color:#a1a1a1\"><\/span><img loading=\"lazy\" decoding=\"async\" width=\"2000\" height=\"1124\" src=\"https:\/\/dev.putbus.de\/stadt-putbus\/wp-content\/uploads\/sites\/3\/2025\/08\/nachrichten-1.jpg\" class=\"wp-block-cover__image-background wp-post-image\" alt=\"\" data-object-fit=\"cover\" srcset=\"https:\/\/dev.putbus.de\/stadt-putbus\/wp-content\/uploads\/sites\/3\/2025\/08\/nachrichten-1.jpg 2000w, https:\/\/dev.putbus.de\/stadt-putbus\/wp-content\/uploads\/sites\/3\/2025\/08\/nachrichten-1-300x169.jpg 300w, https:\/\/dev.putbus.de\/stadt-putbus\/wp-content\/uploads\/sites\/3\/2025\/08\/nachrichten-1-1024x575.jpg 1024w, https:\/\/dev.putbus.de\/stadt-putbus\/wp-content\/uploads\/sites\/3\/2025\/08\/nachrichten-1-768x432.jpg 768w, https:\/\/dev.putbus.de\/stadt-putbus\/wp-content\/uploads\/sites\/3\/2025\/08\/nachrichten-1-1536x863.jpg 1536w\" sizes=\"auto, (max-width: 2000px) 100vw, 2000px\" \/><div class=\"wp-block-cover__inner-container is-layout-constrained wp-block-cover-is-layout-constrained\">\n<p class=\"has-text-align-center has-large-font-size\"><\/p>\n<\/div><\/div>\n\n\n\n<div class=\"wp-block-cover alignfull is-light\" style=\"border-top-style:none;border-top-width:0vw;border-right-color:var(--wp--preset--color--white);border-right-width:1.5vw;border-bottom-color:var(--wp--preset--color--white);border-left-color:var(--wp--preset--color--white);border-left-width:1.5vw;margin-top:0;margin-bottom:0;padding-top:0;padding-right:0;padding-bottom:0;padding-left:0;min-height:240px;aspect-ratio:unset;\"><img loading=\"lazy\" decoding=\"async\" width=\"1024\" height=\"225\" class=\"wp-block-cover__image-background wp-image-4160 size-large\" alt=\"\" src=\"https:\/\/dev.putbus.de\/stadt-putbus\/wp-content\/uploads\/sites\/3\/2025\/08\/bg_tabs-1-1024x225.png\" data-object-fit=\"cover\" srcset=\"https:\/\/dev.putbus.de\/stadt-putbus\/wp-content\/uploads\/sites\/3\/2025\/08\/bg_tabs-1-1024x225.png 1024w, https:\/\/dev.putbus.de\/stadt-putbus\/wp-content\/uploads\/sites\/3\/2025\/08\/bg_tabs-1-300x66.png 300w, https:\/\/dev.putbus.de\/stadt-putbus\/wp-content\/uploads\/sites\/3\/2025\/08\/bg_tabs-1-768x169.png 768w, https:\/\/dev.putbus.de\/stadt-putbus\/wp-content\/uploads\/sites\/3\/2025\/08\/bg_tabs-1-1536x338.png 1536w, https:\/\/dev.putbus.de\/stadt-putbus\/wp-content\/uploads\/sites\/3\/2025\/08\/bg_tabs-1.png 1920w\" sizes=\"auto, (max-width: 1024px) 100vw, 1024px\" \/><span aria-hidden=\"true\" class=\"wp-block-cover__background has-background-dim\" style=\"background-color:#fcfbf9\"><\/span><div class=\"wp-block-cover__inner-container is-layout-constrained wp-container-core-cover-is-layout-72190d31 wp-block-cover-is-layout-constrained\">\n<div class=\"wp-block-group alignwide is-layout-flow wp-block-group-is-layout-flow\">\n<div class=\"wp-block-group alignfull is-nowrap is-layout-flex wp-container-core-group-is-layout-b6b71352 wp-block-group-is-layout-flex\" style=\"padding-right:0;padding-left:0\">\n<h4 class=\"wp-block-heading has-primary-color has-text-color has-link-color has-jost-font-family has-small-font-size wp-elements-5f8a268135d6922a57540e0135d18170\" style=\"font-style:normal;font-weight:400\"><a href=\"\/\">Startseite<\/a><\/h4>\n\n\n\n<h4 class=\"wp-block-heading has-primary-color has-text-color has-link-color has-jost-font-family has-small-font-size wp-elements-e748835a7f3ffb267ad89f2a493c0e46\" style=\"font-style:normal;font-weight:400\"><a href=\"\/stadt-putbus\">Stadt Putbus<\/a><\/h4>\n\n\n<h4 style=\"font-style:normal;font-weight:400;\" class=\"has-link-color wp-elements-62edc01cb5249a80f4ffb694134daceb wp-block-post-title has-text-color has-primary-color has-small-font-size has-jost-font-family\">Nachrichten<\/h4><\/div>\n\n\n<h1 class=\"has-link-color alignfull wp-elements-5e46b7bf8e297d309f64b1b87a4f9e16 wp-block-post-title has-text-color has-primary-color has-large-font-size has-vollkorn-font-family\">Nachrichten<\/h1>\n\n\n<p>Aktuelle Nachrichten f\u00fcr die Stadt Putbus.<\/p>\n<\/div>\n<\/div><\/div>\n\n\n\n<div class=\"wp-block-columns alignwide is-layout-flex wp-container-core-columns-is-layout-dbfacf25 wp-block-columns-is-layout-flex\" style=\"margin-top:var(--wp--preset--spacing--40);margin-bottom:var(--wp--preset--spacing--40)\">\n<div class=\"wp-block-column is-layout-flow wp-container-core-column-is-layout-f5bb311e wp-block-column-is-layout-flow\">\n<div class=\"wp-block-query alignwide is-layout-flow wp-block-query-is-layout-flow\"><ul class=\"columns-3 wp-block-post-template is-layout-grid wp-container-core-post-template-is-layout-6d3fbd8f wp-block-post-template-is-layout-grid\"><li class=\"wp-block-post post-3918 nachrichten type-nachrichten status-publish has-post-thumbnail hentry\">\n\n<div class=\"wp-block-group has-light-background-color has-background is-content-justification-left is-layout-constrained wp-container-core-group-is-layout-b38e257a wp-block-group-is-layout-constrained\" style=\"min-height:100%;padding-top:var(--wp--preset--spacing--20);padding-right:var(--wp--preset--spacing--20);padding-bottom:var(--wp--preset--spacing--20);padding-left:var(--wp--preset--spacing--20)\"><div class=\"wp-block-post-date has-small-font-size has-jost-font-family\"><time datetime=\"2025-08-14T11:35:21+02:00\">14. August 2025<\/time><\/div>\n\n<h2 style=\"font-style:normal;font-weight:500; margin-top:var(--wp--preset--spacing--10);margin-bottom:var(--wp--preset--spacing--10);\" class=\"wp-block-post-title has-medium-font-size has-jost-font-family\"><a href=\"https:\/\/dev.putbus.de\/stadt-putbus\/nachrichten\/stellenausschreibung-4\/\" target=\"_self\" >Stellenausschreibung<\/a><\/h2>\n\n<div class=\"wp-block-post-excerpt\"><p class=\"wp-block-post-excerpt__excerpt\">Es wird die Stelle als Hafenmeister\/in im Bereich des Eigenbetriebes der Stadt Putbus ausgeschrieben <\/p><\/div>\n\n<a style=\"margin-top:var(--wp--preset--spacing--20);margin-bottom:var(--wp--preset--spacing--20);\" class=\"wp-elements-0f309bfa31a25e2c56b824a9caadaf23 wp-block-read-more has-text-color has-primary-color has-jost-font-family\" href=\"https:\/\/dev.putbus.de\/stadt-putbus\/nachrichten\/stellenausschreibung-4\/\" target=\"_self\">weiterlesen<span class=\"screen-reader-text\">: Stellenausschreibung<\/span><\/a><\/div>\n\n<\/li><li class=\"wp-block-post post-3964 nachrichten type-nachrichten status-publish has-post-thumbnail hentry\">\n\n<div class=\"wp-block-group has-light-background-color has-background is-content-justification-left is-layout-constrained wp-container-core-group-is-layout-b38e257a wp-block-group-is-layout-constrained\" style=\"min-height:100%;padding-top:var(--wp--preset--spacing--20);padding-right:var(--wp--preset--spacing--20);padding-bottom:var(--wp--preset--spacing--20);padding-left:var(--wp--preset--spacing--20)\"><div class=\"wp-block-post-date has-small-font-size has-jost-font-family\"><time datetime=\"2025-06-06T09:56:38+02:00\">6. Juni 2025<\/time><\/div>\n\n<h2 style=\"font-style:normal;font-weight:500; margin-top:var(--wp--preset--spacing--10);margin-bottom:var(--wp--preset--spacing--10);\" class=\"wp-block-post-title has-medium-font-size has-jost-font-family\"><a href=\"https:\/\/dev.putbus.de\/stadt-putbus\/nachrichten\/ostsee-strand-badespass-badewasser-kampagne-2025\/\" target=\"_self\" >Ostsee, Strand &amp; Badespa\u00df &#8211; Badewasser-Kampagne 2025<\/a><\/h2>\n\n<div class=\"wp-block-post-excerpt\"><p class=\"wp-block-post-excerpt__excerpt\">Eine Initiative des Gesundheitsamtes Vorpommern-R\u00fcgen, gesund durch den Sommer <\/p><\/div>\n\n<a style=\"margin-top:var(--wp--preset--spacing--20);margin-bottom:var(--wp--preset--spacing--20);\" class=\"wp-elements-0f309bfa31a25e2c56b824a9caadaf23 wp-block-read-more has-text-color has-primary-color has-jost-font-family\" href=\"https:\/\/dev.putbus.de\/stadt-putbus\/nachrichten\/ostsee-strand-badespass-badewasser-kampagne-2025\/\" target=\"_self\">weiterlesen<span class=\"screen-reader-text\">: Ostsee, Strand &amp; Badespa\u00df &#8211; Badewasser-Kampagne 2025<\/span><\/a><\/div>\n\n<\/li><li class=\"wp-block-post post-3895 nachrichten type-nachrichten status-publish has-post-thumbnail hentry\">\n\n<div class=\"wp-block-group has-light-background-color has-background is-content-justification-left is-layout-constrained wp-container-core-group-is-layout-b38e257a wp-block-group-is-layout-constrained\" style=\"min-height:100%;padding-top:var(--wp--preset--spacing--20);padding-right:var(--wp--preset--spacing--20);padding-bottom:var(--wp--preset--spacing--20);padding-left:var(--wp--preset--spacing--20)\"><div class=\"wp-block-post-date has-small-font-size has-jost-font-family\"><time datetime=\"2025-04-11T10:16:31+02:00\">11. April 2025<\/time><\/div>\n\n<h2 style=\"font-style:normal;font-weight:500; margin-top:var(--wp--preset--spacing--10);margin-bottom:var(--wp--preset--spacing--10);\" class=\"wp-block-post-title has-medium-font-size has-jost-font-family\"><a href=\"https:\/\/dev.putbus.de\/stadt-putbus\/nachrichten\/information-du-bist-nicht-alleine-angebote-fuer-rat-und-hilfesuchende-zwischen-den-osterfeiertage\/\" target=\"_self\" >Information &#8211; &#8222;Du bist nicht alleine&#8220; Angebote f\u00fcr Rat- und Hilfesuchende<\/a><\/h2>\n\n<div class=\"wp-block-post-excerpt\"><p class=\"wp-block-post-excerpt__excerpt\">Eine Information mit Rat- und Hilfsangeboten f\u00fcr den Landkreis Vorpommern-R\u00fcgen zu den Osterfeiertagen und dar\u00fcber hinaus <\/p><\/div>\n\n<a style=\"margin-top:var(--wp--preset--spacing--20);margin-bottom:var(--wp--preset--spacing--20);\" class=\"wp-elements-0f309bfa31a25e2c56b824a9caadaf23 wp-block-read-more has-text-color has-primary-color has-jost-font-family\" href=\"https:\/\/dev.putbus.de\/stadt-putbus\/nachrichten\/information-du-bist-nicht-alleine-angebote-fuer-rat-und-hilfesuchende-zwischen-den-osterfeiertage\/\" target=\"_self\">weiterlesen<span class=\"screen-reader-text\">: Information &#8211; &#8222;Du bist nicht alleine&#8220; Angebote f\u00fcr Rat- und Hilfesuchende<\/span><\/a><\/div>\n\n<\/li><li class=\"wp-block-post post-3822 nachrichten type-nachrichten status-publish has-post-thumbnail hentry\">\n\n<div class=\"wp-block-group has-light-background-color has-background is-content-justification-left is-layout-constrained wp-container-core-group-is-layout-b38e257a wp-block-group-is-layout-constrained\" style=\"min-height:100%;padding-top:var(--wp--preset--spacing--20);padding-right:var(--wp--preset--spacing--20);padding-bottom:var(--wp--preset--spacing--20);padding-left:var(--wp--preset--spacing--20)\"><div class=\"wp-block-post-date has-small-font-size has-jost-font-family\"><time datetime=\"2025-01-17T12:57:46+01:00\">17. Januar 2025<\/time><\/div>\n\n<h2 style=\"font-style:normal;font-weight:500; margin-top:var(--wp--preset--spacing--10);margin-bottom:var(--wp--preset--spacing--10);\" class=\"wp-block-post-title has-medium-font-size has-jost-font-family\"><a href=\"https:\/\/dev.putbus.de\/stadt-putbus\/nachrichten\/bundestagswahl-2025-wahlbekanntmachung\/\" target=\"_self\" >Bundestagswahl 2025 &#8211; Wahlbekanntmachung<\/a><\/h2>\n\n<div class=\"wp-block-post-excerpt\"><p class=\"wp-block-post-excerpt__excerpt\">Bekanntmachung der Gemeindebeh\u00f6rde \u00fcber das Recht auf Einsicht in das W\u00e4hlerverzeichnis und die Erteilung von Wahlscheinen <\/p><\/div>\n\n<a style=\"margin-top:var(--wp--preset--spacing--20);margin-bottom:var(--wp--preset--spacing--20);\" class=\"wp-elements-0f309bfa31a25e2c56b824a9caadaf23 wp-block-read-more has-text-color has-primary-color has-jost-font-family\" href=\"https:\/\/dev.putbus.de\/stadt-putbus\/nachrichten\/bundestagswahl-2025-wahlbekanntmachung\/\" target=\"_self\">weiterlesen<span class=\"screen-reader-text\">: Bundestagswahl 2025 &#8211; Wahlbekanntmachung<\/span><\/a><\/div>\n\n<\/li><li class=\"wp-block-post post-3729 nachrichten type-nachrichten status-publish hentry\">\n\n<div class=\"wp-block-group has-light-background-color has-background is-content-justification-left is-layout-constrained wp-container-core-group-is-layout-b38e257a wp-block-group-is-layout-constrained\" style=\"min-height:100%;padding-top:var(--wp--preset--spacing--20);padding-right:var(--wp--preset--spacing--20);padding-bottom:var(--wp--preset--spacing--20);padding-left:var(--wp--preset--spacing--20)\"><div class=\"wp-block-post-date has-small-font-size has-jost-font-family\"><time datetime=\"2024-10-01T13:36:52+02:00\">1. Oktober 2024<\/time><\/div>\n\n<h2 style=\"font-style:normal;font-weight:500; margin-top:var(--wp--preset--spacing--10);margin-bottom:var(--wp--preset--spacing--10);\" class=\"wp-block-post-title has-medium-font-size has-jost-font-family\"><a href=\"https:\/\/dev.putbus.de\/stadt-putbus\/nachrichten\/bekanntmachung-des-regionalen-planungsverbandes-vorpommern\/\" target=\"_self\" >Bekanntmachung des Regionalen Planungsverbandes Vorpommern<\/a><\/h2>\n\n<div class=\"wp-block-post-excerpt\"><p class=\"wp-block-post-excerpt__excerpt\">Unterrichtung der \u00d6ffentlichkeit und Auslegung der Gesamtfortschreibung des Regionalen Raumentwicklungsprogrammes Vorpommern (RREP VP) <\/p><\/div>\n\n<a style=\"margin-top:var(--wp--preset--spacing--20);margin-bottom:var(--wp--preset--spacing--20);\" class=\"wp-elements-0f309bfa31a25e2c56b824a9caadaf23 wp-block-read-more has-text-color has-primary-color has-jost-font-family\" href=\"https:\/\/dev.putbus.de\/stadt-putbus\/nachrichten\/bekanntmachung-des-regionalen-planungsverbandes-vorpommern\/\" target=\"_self\">weiterlesen<span class=\"screen-reader-text\">: Bekanntmachung des Regionalen Planungsverbandes Vorpommern<\/span><\/a><\/div>\n\n<\/li><li class=\"wp-block-post post-3693 nachrichten type-nachrichten status-publish hentry\">\n\n<div class=\"wp-block-group has-light-background-color has-background is-content-justification-left is-layout-constrained wp-container-core-group-is-layout-b38e257a wp-block-group-is-layout-constrained\" style=\"min-height:100%;padding-top:var(--wp--preset--spacing--20);padding-right:var(--wp--preset--spacing--20);padding-bottom:var(--wp--preset--spacing--20);padding-left:var(--wp--preset--spacing--20)\"><div class=\"wp-block-post-date has-small-font-size has-jost-font-family\"><time datetime=\"2024-08-25T18:00:00+02:00\">25. August 2024<\/time><\/div>\n\n<h2 style=\"font-style:normal;font-weight:500; margin-top:var(--wp--preset--spacing--10);margin-bottom:var(--wp--preset--spacing--10);\" class=\"wp-block-post-title has-medium-font-size has-jost-font-family\"><a href=\"https:\/\/dev.putbus.de\/stadt-putbus\/nachrichten\/bekanntmachung-freihaltung-des-oeffentlichen-verkehrsraumes\/\" target=\"_self\" >Bekanntmachung &#8211; Freihaltung des \u00f6ffentlichen Verkehrsraumes<\/a><\/h2>\n\n<div class=\"wp-block-post-excerpt\"><p class=\"wp-block-post-excerpt__excerpt\">\u00d6ffentliche Bekanntmachung mit der Aufforderung zur Ber\u00e4umung bzw. Freihaltung des \u00f6ffentlichen Verkehrsraumes im Gemeindegebiet Putbus <\/p><\/div>\n\n<a style=\"margin-top:var(--wp--preset--spacing--20);margin-bottom:var(--wp--preset--spacing--20);\" class=\"wp-elements-0f309bfa31a25e2c56b824a9caadaf23 wp-block-read-more has-text-color has-primary-color has-jost-font-family\" href=\"https:\/\/dev.putbus.de\/stadt-putbus\/nachrichten\/bekanntmachung-freihaltung-des-oeffentlichen-verkehrsraumes\/\" target=\"_self\">weiterlesen<span class=\"screen-reader-text\">: Bekanntmachung &#8211; Freihaltung des \u00f6ffentlichen Verkehrsraumes<\/span><\/a><\/div>\n\n<\/li><li class=\"wp-block-post post-3624 nachrichten type-nachrichten status-publish hentry\">\n\n<div class=\"wp-block-group has-light-background-color has-background is-content-justification-left is-layout-constrained wp-container-core-group-is-layout-b38e257a wp-block-group-is-layout-constrained\" style=\"min-height:100%;padding-top:var(--wp--preset--spacing--20);padding-right:var(--wp--preset--spacing--20);padding-bottom:var(--wp--preset--spacing--20);padding-left:var(--wp--preset--spacing--20)\"><div class=\"wp-block-post-date has-small-font-size has-jost-font-family\"><time datetime=\"2024-06-10T09:01:00+02:00\">10. Juni 2024<\/time><\/div>\n\n<h2 style=\"font-style:normal;font-weight:500; margin-top:var(--wp--preset--spacing--10);margin-bottom:var(--wp--preset--spacing--10);\" class=\"wp-block-post-title has-medium-font-size has-jost-font-family\"><a href=\"https:\/\/dev.putbus.de\/stadt-putbus\/nachrichten\/wahlergebnisse-fuer-die-europa-und-kommunalwahl-am-09-juni\/\" target=\"_self\" >Wahlergebnisse f\u00fcr die Europa- und Kommunalwahl vom 09. Juni<\/a><\/h2>\n\n<div class=\"wp-block-post-excerpt\"><p class=\"wp-block-post-excerpt__excerpt\">In dieser Meldung finden Sie die Wahlergebnisse f\u00fcr die Europa- und Kommunalwahl am 09. Juni 2024 <\/p><\/div>\n\n<a style=\"margin-top:var(--wp--preset--spacing--20);margin-bottom:var(--wp--preset--spacing--20);\" class=\"wp-elements-0f309bfa31a25e2c56b824a9caadaf23 wp-block-read-more has-text-color has-primary-color has-jost-font-family\" href=\"https:\/\/dev.putbus.de\/stadt-putbus\/nachrichten\/wahlergebnisse-fuer-die-europa-und-kommunalwahl-am-09-juni\/\" target=\"_self\">weiterlesen<span class=\"screen-reader-text\">: Wahlergebnisse f\u00fcr die Europa- und Kommunalwahl vom 09. Juni<\/span><\/a><\/div>\n\n<\/li><li class=\"wp-block-post post-3623 nachrichten type-nachrichten status-publish hentry\">\n\n<div class=\"wp-block-group has-light-background-color has-background is-content-justification-left is-layout-constrained wp-container-core-group-is-layout-b38e257a wp-block-group-is-layout-constrained\" style=\"min-height:100%;padding-top:var(--wp--preset--spacing--20);padding-right:var(--wp--preset--spacing--20);padding-bottom:var(--wp--preset--spacing--20);padding-left:var(--wp--preset--spacing--20)\"><div class=\"wp-block-post-date has-small-font-size has-jost-font-family\"><time datetime=\"2024-06-05T00:01:00+02:00\">5. Juni 2024<\/time><\/div>\n\n<h2 style=\"font-style:normal;font-weight:500; margin-top:var(--wp--preset--spacing--10);margin-bottom:var(--wp--preset--spacing--10);\" class=\"wp-block-post-title has-medium-font-size has-jost-font-family\"><a href=\"https:\/\/dev.putbus.de\/stadt-putbus\/nachrichten\/bekanntmachung-wahl-3\/\" target=\"_self\" >Bekanntmachung Wahl<\/a><\/h2>\n\n<div class=\"wp-block-post-excerpt\"><p class=\"wp-block-post-excerpt__excerpt\">\u00d6ffentliche Bekanntmachung des Gemeindewahlleiters zur Sitzung des Gemeindewahlausschusses zur Feststellung des Wahlergebnisses <\/p><\/div>\n\n<a style=\"margin-top:var(--wp--preset--spacing--20);margin-bottom:var(--wp--preset--spacing--20);\" class=\"wp-elements-0f309bfa31a25e2c56b824a9caadaf23 wp-block-read-more has-text-color has-primary-color has-jost-font-family\" href=\"https:\/\/dev.putbus.de\/stadt-putbus\/nachrichten\/bekanntmachung-wahl-3\/\" target=\"_self\">weiterlesen<span class=\"screen-reader-text\">: Bekanntmachung Wahl<\/span><\/a><\/div>\n\n<\/li><li class=\"wp-block-post post-3592 nachrichten type-nachrichten status-publish hentry\">\n\n<div class=\"wp-block-group has-light-background-color has-background is-content-justification-left is-layout-constrained wp-container-core-group-is-layout-b38e257a wp-block-group-is-layout-constrained\" style=\"min-height:100%;padding-top:var(--wp--preset--spacing--20);padding-right:var(--wp--preset--spacing--20);padding-bottom:var(--wp--preset--spacing--20);padding-left:var(--wp--preset--spacing--20)\"><div class=\"wp-block-post-date has-small-font-size has-jost-font-family\"><time datetime=\"2024-05-03T00:01:00+02:00\">3. Mai 2024<\/time><\/div>\n\n<h2 style=\"font-style:normal;font-weight:500; margin-top:var(--wp--preset--spacing--10);margin-bottom:var(--wp--preset--spacing--10);\" class=\"wp-block-post-title has-medium-font-size has-jost-font-family\"><a href=\"https:\/\/dev.putbus.de\/stadt-putbus\/nachrichten\/bekanntmachung-wahl-2\/\" target=\"_self\" >Bekanntmachung Wahl<\/a><\/h2>\n\n<div class=\"wp-block-post-excerpt\"><p class=\"wp-block-post-excerpt__excerpt\">\u00d6ffentliche Bekanntmachung des Gemeindewahlleiters zum Wahlverfahren, zum W\u00e4hlerverzeichnis und zu den Wahlvorschl\u00e4gen <\/p><\/div>\n\n<a style=\"margin-top:var(--wp--preset--spacing--20);margin-bottom:var(--wp--preset--spacing--20);\" class=\"wp-elements-0f309bfa31a25e2c56b824a9caadaf23 wp-block-read-more has-text-color has-primary-color has-jost-font-family\" href=\"https:\/\/dev.putbus.de\/stadt-putbus\/nachrichten\/bekanntmachung-wahl-2\/\" target=\"_self\">weiterlesen<span class=\"screen-reader-text\">: Bekanntmachung Wahl<\/span><\/a><\/div>\n\n<\/li><li class=\"wp-block-post post-3580 nachrichten type-nachrichten status-publish hentry\">\n\n<div class=\"wp-block-group has-light-background-color has-background is-content-justification-left is-layout-constrained wp-container-core-group-is-layout-b38e257a wp-block-group-is-layout-constrained\" style=\"min-height:100%;padding-top:var(--wp--preset--spacing--20);padding-right:var(--wp--preset--spacing--20);padding-bottom:var(--wp--preset--spacing--20);padding-left:var(--wp--preset--spacing--20)\"><div class=\"wp-block-post-date has-small-font-size has-jost-font-family\"><time datetime=\"2024-04-16T09:52:10+02:00\">16. April 2024<\/time><\/div>\n\n<h2 style=\"font-style:normal;font-weight:500; margin-top:var(--wp--preset--spacing--10);margin-bottom:var(--wp--preset--spacing--10);\" class=\"wp-block-post-title has-medium-font-size has-jost-font-family\"><a href=\"https:\/\/dev.putbus.de\/stadt-putbus\/nachrichten\/information-bekanntmachung\/\" target=\"_self\" >Information Bekanntmachung<\/a><\/h2>\n\n<div class=\"wp-block-post-excerpt\"><p class=\"wp-block-post-excerpt__excerpt\">Im Freiwilligen Landtausch Neklade wird die Ausf\u00fchrung des Tauschplanes angeordnet (\u00a7 103f Abs. 3 S. 2 und 3 Flurbereinigungsgesetz [FlurbG]) <\/p><\/div>\n\n<a style=\"margin-top:var(--wp--preset--spacing--20);margin-bottom:var(--wp--preset--spacing--20);\" class=\"wp-elements-0f309bfa31a25e2c56b824a9caadaf23 wp-block-read-more has-text-color has-primary-color has-jost-font-family\" href=\"https:\/\/dev.putbus.de\/stadt-putbus\/nachrichten\/information-bekanntmachung\/\" target=\"_self\">weiterlesen<span class=\"screen-reader-text\">: Information Bekanntmachung<\/span><\/a><\/div>\n\n<\/li><\/ul><\/div>\n<\/div>\n<\/div>\n","protected":false},"excerpt":{"rendered":"","protected":false},"author":1,"featured_media":4240,"parent":1148,"menu_order":0,"comment_status":"closed","ping_status":"closed","template":"","meta":{"footnotes":""},"seite_kategorie":[144],"class_list":["post-1166","page","type-page","status-publish","has-post-thumbnail","hentry","seite_kategorie-bekanntmachungen"],"_links":{"self":[{"href":"https:\/\/dev.putbus.de\/stadt-putbus\/wp-json\/wp\/v2\/pages\/1166","targetHints":{"allow":["GET"]}}],"collection":[{"href":"https:\/\/dev.putbus.de\/stadt-putbus\/wp-json\/wp\/v2\/pages"}],"about":[{"href":"https:\/\/dev.putbus.de\/stadt-putbus\/wp-json\/wp\/v2\/types\/page"}],"author":[{"embeddable":true,"href":"https:\/\/dev.putbus.de\/stadt-putbus\/wp-json\/wp\/v2\/users\/1"}],"replies":[{"embeddable":true,"href":"https:\/\/dev.putbus.de\/stadt-putbus\/wp-json\/wp\/v2\/comments?post=1166"}],"version-history":[{"count":23,"href":"https:\/\/dev.putbus.de\/stadt-putbus\/wp-json\/wp\/v2\/pages\/1166\/revisions"}],"predecessor-version":[{"id":4665,"href":"https:\/\/dev.putbus.de\/stadt-putbus\/wp-json\/wp\/v2\/pages\/1166\/revisions\/4665"}],"up":[{"embeddable":true,"href":"https:\/\/dev.putbus.de\/stadt-putbus\/wp-json\/wp\/v2\/pages\/1148"}],"wp:featuredmedia":[{"embeddable":true,"href":"https:\/\/dev.putbus.de\/stadt-putbus\/wp-json\/wp\/v2\/media\/4240"}],"wp:attachment":[{"href":"https:\/\/dev.putbus.de\/stadt-putbus\/wp-json\/wp\/v2\/media?parent=1166"}],"wp:term":[{"taxonomy":"seite_kategorie","embeddable":true,"href":"https:\/\/dev.putbus.de\/stadt-putbus\/wp-json\/wp\/v2\/seite_kategorie?post=1166"}],"curies":[{"name":"wp","href":"https:\/\/api.w.org\/{rel}","templated":true}]}}